{"id":15592,"date":"2023-08-29T13:06:12","date_gmt":"2023-08-29T10:06:12","guid":{"rendered":"https:\/\/fizifit.lt\/lentvaris\/?page_id=15592"},"modified":"2023-08-29T14:06:48","modified_gmt":"2023-08-29T11:06:48","slug":"nuoma","status":"publish","type":"page","link":"https:\/\/fizifit.lt\/lentvaris\/nuoma\/","title":{"rendered":"NUOMA"},"content":{"rendered":"\t\t<div data-elementor-type=\"wp-page\" data-elementor-id=\"15592\" class=\"elementor elementor-15592\" data-elementor-post-type=\"page\">\n\t\t\t\t\t\t<section class=\"elementor-section elementor-top-section elementor-element elementor-element-921e5c4 elementor-section-full_width elementor-section-height-default elementor-section-height-default mkdf-parallax-row-no mkdf-content-aligment-left mkdf-elementor-row-grid-no mkdf-disabled-bg-image-bellow-no mkdf-row-btt-light\" data-id=\"921e5c4\" data-element_type=\"section\" data-e-type=\"section\" data-settings=\"{&quot;background_background&quot;:&quot;classic&quot;}\">\n\t\t\t\t\t\t<div class=\"elementor-container elementor-column-gap-default\">\n\t\t\t\t\t<div class=\"elementor-column elementor-col-50 elementor-top-column elementor-element elementor-element-217cf75\" data-id=\"217cf75\" data-element_type=\"column\" data-e-type=\"column\">\n\t\t\t<div class=\"elementor-widget-wrap elementor-element-populated\">\n\t\t\t\t\t\t<div class=\"elementor-element elementor-element-d8b4d29 elementor-widget elementor-widget-text-editor\" data-id=\"d8b4d29\" data-element_type=\"widget\" data-e-type=\"widget\" data-widget_type=\"text-editor.default\">\n\t\t\t\t<div class=\"elementor-widget-container\">\n\t\t\t\t\t\t\t\t\t<h2><span style=\"color: #ffffff;\">SPORTO INVENTORIAUS IR PATALP\u0172 NUOMA<\/span><\/h2>\t\t\t\t\t\t\t\t<\/div>\n\t\t\t\t<\/div>\n\t\t\t\t<div class=\"elementor-element elementor-element-b596c14 elementor-widget elementor-widget-mkdf_custom_font\" data-id=\"b596c14\" data-element_type=\"widget\" data-e-type=\"widget\" data-widget_type=\"mkdf_custom_font.default\">\n\t\t\t\t<div class=\"elementor-widget-container\">\n\t\t\t\t\t<h2 class=\"mkdf-custom-font-holder  mkdf-cf-2915  \" style=\"font-family: Poppins;font-size: 16px;line-height: 27px;font-weight: 300;text-transform: initial;color: #A6A6A6;margin: -5px 0 0 0\" data-item-class=\"mkdf-cf-2915\">\n\t        Esate nuomon\u0117s formuotojas, treneris ar meno srities atstovas ir neturite patalp\u0173 savo veiklai?    <\/h2>\n\t\t\t\t<\/div>\n\t\t\t\t<\/div>\n\t\t\t\t<div class=\"elementor-element elementor-element-2f1438f elementor-widget elementor-widget-mkdf_button\" data-id=\"2f1438f\" data-element_type=\"widget\" data-e-type=\"widget\" data-widget_type=\"mkdf_button.default\">\n\t\t\t\t<div class=\"elementor-widget-container\">\n\t\t\t\t\t<div class=\"mkdf-btn-outer-holder mkdf-btn-outer-outline mkdf-btn-outer-medium\" >\n    <a itemprop=\"url\" href=\"https:\/\/fizifit.lt\/lentvaris\/rinktis-naryste\/index.php\/product\/nauja-naryste-vienkartinis-mokejimas\/?add-to-cart=4872\" target=\"_self\" style=\"color: #FFFFFF;border-color: #FFFFFF\" class=\"mkdf-btn mkdf-btn-medium mkdf-btn-outline mkdf-btn-custom-border-hover\" data-hover-border-color=\"#FFFFFF\" 0=\"color: #FFFFFF\" 1=\"border-color: #FFFFFF\">\n        <span class=\"mkdf-btn-text\">\u012esigyti naryst\u0119<\/span>\n            <\/a>\n    <div class=\"mkdf-btn-top-line\"  style=\"background-color: #FFFFFF\" ><\/div>\n    <div class=\"mkdf-btn-right-line\"  style=\"background-color: #FFFFFF\" ><\/div>\n    <div class=\"mkdf-btn-bottom-line\"  style=\"background-color: #FFFFFF\" ><\/div>\n    <div class=\"mkdf-btn-left-line\"  style=\"background-color: #FFFFFF\" ><\/div>\n<\/div>\t\t\t\t<\/div>\n\t\t\t\t<\/div>\n\t\t\t\t<div class=\"elementor-element elementor-element-931b473 elementor-widget elementor-widget-text-editor\" data-id=\"931b473\" data-element_type=\"widget\" data-e-type=\"widget\" data-widget_type=\"text-editor.default\">\n\t\t\t\t<div class=\"elementor-widget-container\">\n\t\t\t\t\t\t\t\t\t<h2><span style=\"color: #ffffff;\">Susisiekite ir mes jums pad\u0117sime!<\/span><\/h2>\t\t\t\t\t\t\t\t<\/div>\n\t\t\t\t<\/div>\n\t\t\t\t<div class=\"elementor-element elementor-element-6f2dee0 elementor-widget elementor-widget-mkdf_custom_font\" data-id=\"6f2dee0\" data-element_type=\"widget\" data-e-type=\"widget\" data-widget_type=\"mkdf_custom_font.default\">\n\t\t\t\t<div class=\"elementor-widget-container\">\n\t\t\t\t\t<h2 class=\"mkdf-custom-font-holder  mkdf-cf-1659  \" style=\"font-family: Poppins;font-size: 16px;line-height: 27px;font-weight: 300;text-transform: initial;color: #A6A6A6;margin: -5px 0 0 0\" data-item-class=\"mkdf-cf-1659\">\n\t        Patalp\u0173, su ir be sporto inventoriaus, nuoma filmavimo renginiams, priva\u010dioms treniruot\u0117ms ir kt. veiklai.    <\/h2>\n\t\t\t\t<\/div>\n\t\t\t\t<\/div>\n\t\t\t\t\t<\/div>\n\t\t<\/div>\n\t\t\t\t<div class=\"elementor-column elementor-col-50 elementor-top-column elementor-element elementor-element-8f0eca7\" data-id=\"8f0eca7\" data-element_type=\"column\" data-e-type=\"column\" data-settings=\"{&quot;background_background&quot;:&quot;classic&quot;}\">\n\t\t\t<div class=\"elementor-widget-wrap elementor-element-populated\">\n\t\t\t\t\t\t<div class=\"elementor-element elementor-element-ab92895 elementor-widget elementor-widget-spacer\" data-id=\"ab92895\" data-element_type=\"widget\" data-e-type=\"widget\" data-widget_type=\"spacer.default\">\n\t\t\t\t<div class=\"elementor-widget-container\">\n\t\t\t\t\t\t\t<div class=\"elementor-spacer\">\n\t\t\t<div class=\"elementor-spacer-inner\"><\/div>\n\t\t<\/div>\n\t\t\t\t\t\t<\/div>\n\t\t\t\t<\/div>\n\t\t\t\t\t<\/div>\n\t\t<\/div>\n\t\t\t\t\t<\/div>\n\t\t<\/section>\n\t\t\t\t<section class=\"elementor-section elementor-top-section elementor-element elementor-element-7318e73 elementor-section-boxed elementor-section-height-default elementor-section-height-default mkdf-parallax-row-no mkdf-content-aligment-left mkdf-elementor-row-grid-no mkdf-disabled-bg-image-bellow-no mkdf-row-btt-light\" data-id=\"7318e73\" data-element_type=\"section\" data-e-type=\"section\">\n\t\t\t\t\t\t<div class=\"elementor-container elementor-column-gap-default\">\n\t\t\t\t\t<div class=\"elementor-column elementor-col-100 elementor-top-column elementor-element elementor-element-c3921df\" data-id=\"c3921df\" data-element_type=\"column\" data-e-type=\"column\">\n\t\t\t<div class=\"elementor-widget-wrap\">\n\t\t\t\t\t\t\t<\/div>\n\t\t<\/div>\n\t\t\t\t\t<\/div>\n\t\t<\/section>\n\t\t\t\t<\/div>\n\t\t","protected":false},"excerpt":{"rendered":"<p>SPORTO INVENTORIAUS IR PATALP\u0172 NUOMA Esate nuomon\u0117s formuotojas, treneris ar meno srities atstovas ir neturite patalp\u0173 savo veiklai? \u012esigyti naryst\u0119 Susisiekite ir mes jums pad\u0117sime! Patalp\u0173, su ir be sporto inventoriaus, nuoma filmavimo renginiams, priva\u010dioms treniruot\u0117ms ir kt. veiklai.<\/p>\n","protected":false},"author":2,"featured_media":0,"parent":0,"menu_order":0,"comment_status":"closed","ping_status":"closed","template":"full-width.php","meta":{"footnotes":""},"class_list":["post-15592","page","type-page","status-publish","hentry"],"aioseo_notices":[],"jetpack_sharing_enabled":true,"_links":{"self":[{"href":"https:\/\/fizifit.lt\/lentvaris\/wp-json\/wp\/v2\/pages\/15592","targetHints":{"allow":["GET"]}}],"collection":[{"href":"https:\/\/fizifit.lt\/lentvaris\/wp-json\/wp\/v2\/pages"}],"about":[{"href":"https:\/\/fizifit.lt\/lentvaris\/wp-json\/wp\/v2\/types\/page"}],"author":[{"embeddable":true,"href":"https:\/\/fizifit.lt\/lentvaris\/wp-json\/wp\/v2\/users\/2"}],"replies":[{"embeddable":true,"href":"https:\/\/fizifit.lt\/lentvaris\/wp-json\/wp\/v2\/comments?post=15592"}],"version-history":[{"count":22,"href":"https:\/\/fizifit.lt\/lentvaris\/wp-json\/wp\/v2\/pages\/15592\/revisions"}],"predecessor-version":[{"id":15617,"href":"https:\/\/fizifit.lt\/lentvaris\/wp-json\/wp\/v2\/pages\/15592\/revisions\/15617"}],"wp:attachment":[{"href":"https:\/\/fizifit.lt\/lentvaris\/wp-json\/wp\/v2\/media?parent=15592"}],"curies":[{"name":"wp","href":"https:\/\/api.w.org\/{rel}","templated":true}]}}