{"id":4000,"date":"2020-06-18T12:01:58","date_gmt":"2020-06-18T12:01:58","guid":{"rendered":"https:\/\/powerlift.qodeinteractive.com\/elementor\/?page_id=4000"},"modified":"2023-08-29T10:27:11","modified_gmt":"2023-08-29T07:27:11","slug":"contact-us","status":"publish","type":"page","link":"https:\/\/fizifit.lt\/lentvaris\/contact-us\/","title":{"rendered":"Kontaktai"},"content":{"rendered":"\t\t<div data-elementor-type=\"wp-page\" data-elementor-id=\"4000\" class=\"elementor elementor-4000\" data-elementor-post-type=\"page\">\n\t\t\t\t\t\t<section class=\"elementor-section elementor-top-section elementor-element elementor-element-92524fd elementor-section-full_width elementor-section-height-full elementor-section-height-default elementor-section-items-middle mkdf-parallax-row-no mkdf-content-aligment-left mkdf-elementor-row-grid-no mkdf-disabled-bg-image-bellow-no mkdf-row-btt-light\" data-id=\"92524fd\" data-element_type=\"section\" data-e-type=\"section\" data-settings=\"{&quot;background_background&quot;:&quot;classic&quot;}\">\n\t\t\t\t\t\t<div class=\"elementor-container elementor-column-gap-default\">\n\t\t\t\t\t<div class=\"elementor-column elementor-col-50 elementor-top-column elementor-element elementor-element-019de53\" data-id=\"019de53\" data-element_type=\"column\" data-e-type=\"column\">\n\t\t\t<div class=\"elementor-widget-wrap elementor-element-populated\">\n\t\t\t\t\t\t<div class=\"elementor-element elementor-element-774251c elementor-widget elementor-widget-mkdf_section_title\" data-id=\"774251c\" data-element_type=\"widget\" data-e-type=\"widget\" data-widget_type=\"mkdf_section_title.default\">\n\t\t\t\t<div class=\"elementor-widget-container\">\n\t\t\t\t\t\n<div class=\"mkdf-section-title-holder  \" >\n\t<div class=\"mkdf-st-inner\">\n\t\t\t\t\t<h1 class=\"mkdf-st-title\" style=\"color: #FFFFFF\">\n\t\t\t\t\t\t\t\tU\u017esukite \u012f sve\u010dius\t\t\t<\/h1>\n\t\t\t\t\t\t\t<\/div>\n<\/div>\t\t\t\t<\/div>\n\t\t\t\t<\/div>\n\t\t\t\t<section class=\"elementor-section elementor-inner-section elementor-element elementor-element-7820861 elementor-section-boxed elementor-section-height-default elementor-section-height-default mkdf-parallax-row-no mkdf-content-aligment-left mkdf-elementor-row-grid-no mkdf-disabled-bg-image-bellow-no mkdf-row-btt-light\" data-id=\"7820861\" data-element_type=\"section\" data-e-type=\"section\">\n\t\t\t\t\t\t<div class=\"elementor-container elementor-column-gap-default\">\n\t\t\t\t\t<div class=\"elementor-column elementor-col-50 elementor-inner-column elementor-element elementor-element-8f38650\" data-id=\"8f38650\" data-element_type=\"column\" data-e-type=\"column\">\n\t\t\t<div class=\"elementor-widget-wrap elementor-element-populated\">\n\t\t\t\t\t\t<div class=\"elementor-element elementor-element-d440044 elementor-widget elementor-widget-text-editor\" data-id=\"d440044\" data-element_type=\"widget\" data-e-type=\"widget\" data-widget_type=\"text-editor.default\">\n\t\t\t\t<div class=\"elementor-widget-container\">\n\t\t\t\t\t\t\t\t\t<p><span style=\"color: #333333;\">Adresas:<\/span><\/p><p><span style=\"color: #333333;\">Fabriko g. 2, Lentvaris<\/span><br \/><span style=\"color: #333333;\"><a style=\"color: #333333;\" href=\"mailto:info@fitnesseasy.lt\">info@fitnesseasy.lt<\/a><\/span><\/p><p><span style=\"color: #333333;\">Telefonas:<\/span><br \/><span style=\"color: #333333;\"><a style=\"color: #333333;\" href=\"tel:+37063185085\">8 631 85085\u00a0<\/a><\/span><\/p><p>(darbo dienomis 08 &#8211; 19h)<\/p>\t\t\t\t\t\t\t\t<\/div>\n\t\t\t\t<\/div>\n\t\t\t\t\t<\/div>\n\t\t<\/div>\n\t\t\t\t<div class=\"elementor-column elementor-col-50 elementor-inner-column elementor-element elementor-element-5968d60\" data-id=\"5968d60\" data-element_type=\"column\" data-e-type=\"column\">\n\t\t\t<div class=\"elementor-widget-wrap elementor-element-populated\">\n\t\t\t\t\t\t<div class=\"elementor-element elementor-element-8294381 elementor-widget elementor-widget-text-editor\" data-id=\"8294381\" data-element_type=\"widget\" data-e-type=\"widget\" data-widget_type=\"text-editor.default\">\n\t\t\t\t<div class=\"elementor-widget-container\">\n\t\t\t\t\t\t\t\t\t<p>Darbo laikas:<\/p><p>6:00-23:00<\/p><p>Kasdien. Be i\u0161eigini\u0173.<\/p>\t\t\t\t\t\t\t\t<\/div>\n\t\t\t\t<\/div>\n\t\t\t\t\t<\/div>\n\t\t<\/div>\n\t\t\t\t\t<\/div>\n\t\t<\/section>\n\t\t\t\t<section class=\"elementor-section elementor-inner-section elementor-element elementor-element-22c5ae6 elementor-section-boxed elementor-section-height-default elementor-section-height-default mkdf-parallax-row-no mkdf-content-aligment-left mkdf-elementor-row-grid-no mkdf-disabled-bg-image-bellow-no mkdf-row-btt-light\" data-id=\"22c5ae6\" data-element_type=\"section\" data-e-type=\"section\">\n\t\t\t\t\t\t<div class=\"elementor-container elementor-column-gap-default\">\n\t\t\t\t\t<div class=\"elementor-column elementor-col-100 elementor-inner-column elementor-element elementor-element-cfda4de\" data-id=\"cfda4de\" data-element_type=\"column\" data-e-type=\"column\">\n\t\t\t<div class=\"elementor-widget-wrap elementor-element-populated\">\n\t\t\t\t\t\t<div class=\"elementor-element elementor-element-8c4b68c elementor-widget elementor-widget-text-editor\" data-id=\"8c4b68c\" data-element_type=\"widget\" data-e-type=\"widget\" data-widget_type=\"text-editor.default\">\n\t\t\t\t<div class=\"elementor-widget-container\">\n\t\t\t\t\t\t\t\t\t<p>\u00a0<\/p><p>\u00a0<\/p><p class=\"MsoNormal\"><span style=\"color: #ffffff;\">Pagrindin<span lang=\"LT\">\u0117s vykdomos veiklos<\/span> r\u016b\u0161ys pagal Ekonomin\u0117s veiklos r\u016b\u0161i\u0173 klasifikatori\u0173:<\/span><\/p><p class=\"MsoNormal\">Sportinis ir rekreacinis \u0161vietimas, kodas 85.51;<\/p><p class=\"MsoNormal\">Kult\u016brinis \u0161vietimas, kodas 85.52;<\/p><p class=\"MsoNormal\">Sporto \u012frengini\u0173 eksploatavimas, kodas 93.11;<\/p><p class=\"MsoNormal\">Sporto \u012frangos nuoma, kodas 77.21.40;<\/p><p class=\"MsoNormal\">Kita sportin\u0117 veikla, kodas 93.19;<\/p>\t\t\t\t\t\t\t\t<\/div>\n\t\t\t\t<\/div>\n\t\t\t\t\t<\/div>\n\t\t<\/div>\n\t\t\t\t\t<\/div>\n\t\t<\/section>\n\t\t\t\t\t<\/div>\n\t\t<\/div>\n\t\t\t\t<div class=\"elementor-column elementor-col-50 elementor-top-column elementor-element elementor-element-053043b\" data-id=\"053043b\" data-element_type=\"column\" data-e-type=\"column\">\n\t\t\t<div class=\"elementor-widget-wrap elementor-element-populated\">\n\t\t\t\t\t\t<div class=\"elementor-element elementor-element-faa5a79 elementor-widget elementor-widget-google_maps\" data-id=\"faa5a79\" data-element_type=\"widget\" data-e-type=\"widget\" data-widget_type=\"google_maps.default\">\n\t\t\t\t<div class=\"elementor-widget-container\">\n\t\t\t\t\t\t\t<div class=\"elementor-custom-embed\">\n\t\t\t<iframe loading=\"lazy\"\n\t\t\t\t\tsrc=\"https:\/\/maps.google.com\/maps?q=Fitness%20Easy%20Lentvaris&#038;t=m&#038;z=16&#038;output=embed&#038;iwloc=near\"\n\t\t\t\t\ttitle=\"Fitness Easy Lentvaris\"\n\t\t\t\t\taria-label=\"Fitness Easy Lentvaris\"\n\t\t\t><\/iframe>\n\t\t<\/div>\n\t\t\t\t\t\t<\/div>\n\t\t\t\t<\/div>\n\t\t\t\t\t<\/div>\n\t\t<\/div>\n\t\t\t\t\t<\/div>\n\t\t<\/section>\n\t\t\t\t<\/div>\n\t\t","protected":false},"excerpt":{"rendered":"<p>U\u017esukite \u012f sve\u010dius Adresas: Fabriko g. 2, Lentvarisinfo@fitnesseasy.lt Telefonas:8 631 85085\u00a0 (darbo dienomis 08 &#8211; 19h) Darbo laikas: 6:00-23:00 Kasdien. Be i\u0161eigini\u0173. \u00a0 \u00a0 Pagrindin\u0117s vykdomos veiklos r\u016b\u0161ys pagal Ekonomin\u0117s veiklos r\u016b\u0161i\u0173 klasifikatori\u0173: Sportinis ir rekreacinis \u0161vietimas, kodas 85.51; Kult\u016brinis [&hellip;]<\/p>\n","protected":false},"author":2,"featured_media":0,"parent":0,"menu_order":0,"comment_status":"closed","ping_status":"closed","template":"full-width.php","meta":{"footnotes":""},"class_list":["post-4000","page","type-page","status-publish","hentry"],"aioseo_notices":[],"jetpack_sharing_enabled":true,"_links":{"self":[{"href":"https:\/\/fizifit.lt\/lentvaris\/wp-json\/wp\/v2\/pages\/4000","targetHints":{"allow":["GET"]}}],"collection":[{"href":"https:\/\/fizifit.lt\/lentvaris\/wp-json\/wp\/v2\/pages"}],"about":[{"href":"https:\/\/fizifit.lt\/lentvaris\/wp-json\/wp\/v2\/types\/page"}],"author":[{"embeddable":true,"href":"https:\/\/fizifit.lt\/lentvaris\/wp-json\/wp\/v2\/users\/2"}],"replies":[{"embeddable":true,"href":"https:\/\/fizifit.lt\/lentvaris\/wp-json\/wp\/v2\/comments?post=4000"}],"version-history":[{"count":12,"href":"https:\/\/fizifit.lt\/lentvaris\/wp-json\/wp\/v2\/pages\/4000\/revisions"}],"predecessor-version":[{"id":15537,"href":"https:\/\/fizifit.lt\/lentvaris\/wp-json\/wp\/v2\/pages\/4000\/revisions\/15537"}],"wp:attachment":[{"href":"https:\/\/fizifit.lt\/lentvaris\/wp-json\/wp\/v2\/media?parent=4000"}],"curies":[{"name":"wp","href":"https:\/\/api.w.org\/{rel}","templated":true}]}}