{"id":4033,"date":"2020-06-18T12:52:08","date_gmt":"2020-06-18T12:52:08","guid":{"rendered":"https:\/\/powerlift.qodeinteractive.com\/elementor\/?page_id=4033"},"modified":"2023-08-29T10:41:49","modified_gmt":"2023-08-29T07:41:49","slug":"soliariumas","status":"publish","type":"page","link":"https:\/\/fizifit.lt\/lentvaris\/soliariumas\/","title":{"rendered":"Soliariumas"},"content":{"rendered":"\t\t<div data-elementor-type=\"wp-page\" data-elementor-id=\"4033\" class=\"elementor elementor-4033\" data-elementor-post-type=\"page\">\n\t\t\t\t\t\t<section class=\"elementor-section elementor-top-section elementor-element elementor-element-921e5c4 elementor-section-full_width elementor-section-height-default elementor-section-height-default mkdf-parallax-row-no mkdf-content-aligment-left mkdf-elementor-row-grid-no mkdf-disabled-bg-image-bellow-no mkdf-row-btt-light\" data-id=\"921e5c4\" data-element_type=\"section\" data-e-type=\"section\" data-settings=\"{&quot;background_background&quot;:&quot;classic&quot;}\">\n\t\t\t\t\t\t<div class=\"elementor-container elementor-column-gap-default\">\n\t\t\t\t\t<div class=\"elementor-column elementor-col-50 elementor-top-column elementor-element elementor-element-217cf75\" data-id=\"217cf75\" data-element_type=\"column\" data-e-type=\"column\">\n\t\t\t<div class=\"elementor-widget-wrap elementor-element-populated\">\n\t\t\t\t\t\t<div class=\"elementor-element elementor-element-40ec0af elementor-hidden-desktop elementor-widget elementor-widget-image\" data-id=\"40ec0af\" data-element_type=\"widget\" data-e-type=\"widget\" data-widget_type=\"image.default\">\n\t\t\t\t<div class=\"elementor-widget-container\">\n\t\t\t\t\t\t\t\t\t\t\t\t\t\t\t<img fetchpriority=\"high\" decoding=\"async\" width=\"984\" height=\"655\" src=\"https:\/\/fizifit.lt\/lentvaris\/wp-content\/uploads\/2020\/10\/sol2.jpg\" class=\"attachment-large size-large wp-image-4732\" alt=\"\" srcset=\"https:\/\/fizifit.lt\/lentvaris\/wp-content\/uploads\/2020\/10\/sol2.jpg 984w, https:\/\/fizifit.lt\/lentvaris\/wp-content\/uploads\/2020\/10\/sol2-600x399.jpg 600w, https:\/\/fizifit.lt\/lentvaris\/wp-content\/uploads\/2020\/10\/sol2-300x200.jpg 300w, https:\/\/fizifit.lt\/lentvaris\/wp-content\/uploads\/2020\/10\/sol2-768x511.jpg 768w, https:\/\/fizifit.lt\/lentvaris\/wp-content\/uploads\/2020\/10\/sol2-20x13.jpg 20w\" sizes=\"(max-width: 984px) 100vw, 984px\" \/>\t\t\t\t\t\t\t\t\t\t\t\t\t\t\t<\/div>\n\t\t\t\t<\/div>\n\t\t\t\t<div class=\"elementor-element elementor-element-d8b4d29 elementor-widget elementor-widget-text-editor\" data-id=\"d8b4d29\" data-element_type=\"widget\" data-e-type=\"widget\" data-widget_type=\"text-editor.default\">\n\t\t\t\t<div class=\"elementor-widget-container\">\n\t\t\t\t\t\t\t\t\t<h2><span style=\"color: #ffffff;\">Soliariumas<\/span><\/h2>\t\t\t\t\t\t\t\t<\/div>\n\t\t\t\t<\/div>\n\t\t\t\t<div class=\"elementor-element elementor-element-b596c14 elementor-widget elementor-widget-mkdf_custom_font\" data-id=\"b596c14\" data-element_type=\"widget\" data-e-type=\"widget\" data-widget_type=\"mkdf_custom_font.default\">\n\t\t\t\t<div class=\"elementor-widget-container\">\n\t\t\t\t\t<h2 class=\"mkdf-custom-font-holder  mkdf-cf-3534  \" style=\"font-family: Poppins;font-size: 16px;line-height: 27px;font-weight: 300;text-transform: initial;color: #A6A6A6;margin: -5px 0 0 0\" data-item-class=\"mkdf-cf-3534\">\n\t        Pas mus rasite vien\u0105 galingiausi\u0173 ir erdviausi\u0173 soliarium\u0173 \u2013  Luxura v5 42 XL Intensive Power.     <\/h2>\n\t\t\t\t<\/div>\n\t\t\t\t<\/div>\n\t\t\t\t<div class=\"elementor-element elementor-element-2f1438f elementor-widget elementor-widget-mkdf_button\" data-id=\"2f1438f\" data-element_type=\"widget\" data-e-type=\"widget\" data-widget_type=\"mkdf_button.default\">\n\t\t\t\t<div class=\"elementor-widget-container\">\n\t\t\t\t\t<div class=\"mkdf-btn-outer-holder mkdf-btn-outer-outline mkdf-btn-outer-medium\" >\n    <a itemprop=\"url\" href=\"https:\/\/fizifit.lt\/lentvaris\/index.php\/rinktis-naryste\/index.php\/product\/nauja-naryste-vienkartinis-mokejimas\/?add-to-cart=4870\" target=\"_self\" style=\"color: #FFFFFF;border-color: #FFFFFF\" class=\"mkdf-btn mkdf-btn-medium mkdf-btn-outline mkdf-btn-custom-border-hover\" data-hover-border-color=\"#FFFFFF\" 0=\"color: #FFFFFF\" 1=\"border-color: #FFFFFF\">\n        <span class=\"mkdf-btn-text\">\u012esigyti naryst\u0119<\/span>\n            <\/a>\n    <div class=\"mkdf-btn-top-line\"  style=\"background-color: #FFFFFF\" ><\/div>\n    <div class=\"mkdf-btn-right-line\"  style=\"background-color: #FFFFFF\" ><\/div>\n    <div class=\"mkdf-btn-bottom-line\"  style=\"background-color: #FFFFFF\" ><\/div>\n    <div class=\"mkdf-btn-left-line\"  style=\"background-color: #FFFFFF\" ><\/div>\n<\/div>\t\t\t\t<\/div>\n\t\t\t\t<\/div>\n\t\t\t\t<div class=\"elementor-element elementor-element-931b473 elementor-widget elementor-widget-text-editor\" data-id=\"931b473\" data-element_type=\"widget\" data-e-type=\"widget\" data-widget_type=\"text-editor.default\">\n\t\t\t\t<div class=\"elementor-widget-container\">\n\t\t\t\t\t\t\t\t\t<h2><span style=\"color: #ffffff;\">Nauda<\/span><\/h2>\t\t\t\t\t\t\t\t<\/div>\n\t\t\t\t<\/div>\n\t\t\t\t<div class=\"elementor-element elementor-element-6f2dee0 elementor-widget elementor-widget-mkdf_custom_font\" data-id=\"6f2dee0\" data-element_type=\"widget\" data-e-type=\"widget\" data-widget_type=\"mkdf_custom_font.default\">\n\t\t\t\t<div class=\"elementor-widget-container\">\n\t\t\t\t\t<h2 class=\"mkdf-custom-font-holder  mkdf-cf-1093  \" style=\"font-family: Poppins;font-size: 16px;line-height: 27px;font-weight: 300;text-transform: initial;color: #A6A6A6;margin: -5px 0 0 0\" data-item-class=\"mkdf-cf-1093\">\n\t         Reik\u0117t\u0173 nepamir\u0161ti, jog vitaminas D \u2013 hormonin\u0117s sistemos pagrindas. Lankymasis soliariume skatina mums taip gyvybi\u0161kai b\u016btino vitamino, kurio tr\u016bksta daugiau nei 80-\u010diai proc. m\u016bs\u0173 \u0161alies gyventoj\u0173, gamyb\u0105. Be to, proced\u016bra taip pat padeda atsikratyti nedideli\u0173 spuogeli\u0173, egzemos ir pagerinti bendr\u0105 odos b\u016bkl\u0119. Negana to, ultravioletin\u0117 \u0161viesa padidina antik\u016bn\u0173 kiek\u012f kraujyje, d\u0117l to stipr\u0117ja imunitetas ir atsparumas per\u0161alimo ligoms.    <\/h2>\n\t\t\t\t<\/div>\n\t\t\t\t<\/div>\n\t\t\t\t<div class=\"elementor-element elementor-element-36a55a1 elementor-widget elementor-widget-text-editor\" data-id=\"36a55a1\" data-element_type=\"widget\" data-e-type=\"widget\" data-widget_type=\"text-editor.default\">\n\t\t\t\t<div class=\"elementor-widget-container\">\n\t\t\t\t\t\t\t\t\t<h2><span style=\"color: #ffffff;\">neribota naryst\u0117<\/span><\/h2>\t\t\t\t\t\t\t\t<\/div>\n\t\t\t\t<\/div>\n\t\t\t\t<div class=\"elementor-element elementor-element-9ca81b7 elementor-widget elementor-widget-mkdf_custom_font\" data-id=\"9ca81b7\" data-element_type=\"widget\" data-e-type=\"widget\" data-widget_type=\"mkdf_custom_font.default\">\n\t\t\t\t<div class=\"elementor-widget-container\">\n\t\t\t\t\t<h2 class=\"mkdf-custom-font-holder  mkdf-cf-1030  \" style=\"font-family: Poppins;font-size: 16px;line-height: 27px;font-weight: 300;text-transform: initial;color: #A6A6A6;margin: -5px 0 0 0\" data-item-class=\"mkdf-cf-1030\">\n\t        \u012esigij\u0119 naryst\u0119, soliariumu gal\u0117site naudotis be apribojim\u0173, ta\u010diau privalu laikytis Lietuvos Higienos normos HN 71:2009 \u201eSoliariumai. Sveikatos Saugos Reikalavimai\u201d 1 priede i\u0161d\u0117styt\u0173 taisykli\u0173 ir rekomendacij\u0173. Tarp deginimosi seans\u0173 turi b\u016bti ma\u017eiausiai 48 val. pertrauka, o maksimalus deginimosi laikas ne ilgesnis nei 15 minu\u010di\u0173.    <\/h2>\n\t\t\t\t<\/div>\n\t\t\t\t<\/div>\n\t\t\t\t<div class=\"elementor-element elementor-element-483ea61 elementor-widget elementor-widget-text-editor\" data-id=\"483ea61\" data-element_type=\"widget\" data-e-type=\"widget\" data-widget_type=\"text-editor.default\">\n\t\t\t\t<div class=\"elementor-widget-container\">\n\t\t\t\t\t\t\t\t\t<h2><span style=\"color: #ffffff;\">kaip naudotis<\/span><\/h2>\t\t\t\t\t\t\t\t<\/div>\n\t\t\t\t<\/div>\n\t\t\t\t<div class=\"elementor-element elementor-element-f7eda2a elementor-widget elementor-widget-mkdf_custom_font\" data-id=\"f7eda2a\" data-element_type=\"widget\" data-e-type=\"widget\" data-widget_type=\"mkdf_custom_font.default\">\n\t\t\t\t<div class=\"elementor-widget-container\">\n\t\t\t\t\t<h2 class=\"mkdf-custom-font-holder  mkdf-cf-6018  \" style=\"font-family: Poppins;font-size: 16px;line-height: 27px;font-weight: 300;text-transform: initial;color: #A6A6A6;margin: -5px 0 0 0\" data-item-class=\"mkdf-cf-6018\">\n\t        Viskas labai parasta. \u012e persirengimo kabin\u0105 pateksite pasinaudoje savo asmeniniu \u012f\u0117jimo kodu, \u017eetonu arba pir\u0161to anspaudu, o soliariumas \u012fjungiamas valdymo pulteliu esan\u010diu ant sienos. Detalesn\u0119 naudojimosi instrukcij\u0105 rasite ant sienos \u0161alia.    <\/h2>\n\t\t\t\t<\/div>\n\t\t\t\t<\/div>\n\t\t\t\t<div class=\"elementor-element elementor-element-501faa8 elementor-widget elementor-widget-text-editor\" data-id=\"501faa8\" data-element_type=\"widget\" data-e-type=\"widget\" data-widget_type=\"text-editor.default\">\n\t\t\t\t<div class=\"elementor-widget-container\">\n\t\t\t\t\t\t\t\t\t<h2><span style=\"color: #ffffff;\">Naudojimosi soliariumu taisykl\u0117s ir patarimai<\/span><\/h2>\t\t\t\t\t\t\t\t<\/div>\n\t\t\t\t<\/div>\n\t\t\t\t<div class=\"elementor-element elementor-element-5142fdc elementor-widget elementor-widget-text-editor\" data-id=\"5142fdc\" data-element_type=\"widget\" data-e-type=\"widget\" data-widget_type=\"text-editor.default\">\n\t\t\t\t<div class=\"elementor-widget-container\">\n\t\t\t\t\t\t\t\t\t<p>\u2022 Soliariumu gali naudotis asmenys nuo 18 met\u0173.<\/p><p>\u2022 Deginimosi laik\u0105 pasirinkite atsi\u017evelgdami \u012f savo odos tip\u0105 (odos tip\u0173 lentel\u0119 rasite soliariumo persirengimo kambaryje)<\/p><p>\u2022 Svarbiausia taisykl\u0117: deginkit\u0117s saikingai! Nesideginkite daugiau nei 3 kartus per savait\u0119.<\/p><p>\u2022 Norint i\u0161laikyti \u012fdeg\u012f, u\u017etenka vienos ar dviej\u0173 saul\u0117s voni\u0173 per savait\u0119.<\/p><p>\u2022 Prie\u0161 degindamiesi nuvalykite nuo odos visas kosmetines med\u017eiagas ir b\u016btinai nusiimkite papuo\u0161alus.<\/p><p>\u2022 Degindamiesi naudokite apsauginius akinius.<\/p><p>\u2022 Jaunesniems nei 18 met\u0173 asmenims soliariumais naudotis negalima.<\/p><p>\u2022 Nerekomenduojama \u012f soliariumus eiti n\u0117\u0161\u010diosioms, vartojantiems antibiotikus, hormoninius preparatus, psichotropines ir \u0161lapim\u0105 varan\u010dias med\u017eiagas, i\u0161 karto po pirties, baseino arba saunos.<\/p><p>\u2022 Kategori\u0161kai draud\u017eiama \u012f soliariumus eiti tiems, kuri\u0173 oda labai \u0161viesi, turintiems didesn\u012f nei 1 cm apgam\u0105 arba daug ma\u017e\u0173 apgam\u0117li\u0173, gimini\u0173, s\u0435rg\u0430n\u010di\u0173 melonoma.<\/p><p>\u2022 Prie\u0161 apsilankym\u0105 soliariume pasikonsultuokite su gydytoju. Jeigu vartojate tam tikrus vaistus, gali b\u016bti padid\u0117j\u0119s jautrumas saul\u0117s \u0161viesai, tod\u0117l atsiranda alergijos rizika.<\/p><p>\u2022 Prie\u0161 ir po deginimosi palepinkite savo od\u0105 kokybi\u0161ka kosmetika.<\/p>\t\t\t\t\t\t\t\t<\/div>\n\t\t\t\t<\/div>\n\t\t\t\t\t<\/div>\n\t\t<\/div>\n\t\t\t\t<div class=\"elementor-column elementor-col-50 elementor-top-column elementor-element elementor-element-8f0eca7\" data-id=\"8f0eca7\" data-element_type=\"column\" data-e-type=\"column\" data-settings=\"{&quot;background_background&quot;:&quot;classic&quot;}\">\n\t\t\t<div class=\"elementor-widget-wrap elementor-element-populated\">\n\t\t\t\t\t\t<div class=\"elementor-element elementor-element-ab92895 elementor-widget elementor-widget-spacer\" data-id=\"ab92895\" data-element_type=\"widget\" data-e-type=\"widget\" data-widget_type=\"spacer.default\">\n\t\t\t\t<div class=\"elementor-widget-container\">\n\t\t\t\t\t\t\t<div class=\"elementor-spacer\">\n\t\t\t<div class=\"elementor-spacer-inner\"><\/div>\n\t\t<\/div>\n\t\t\t\t\t\t<\/div>\n\t\t\t\t<\/div>\n\t\t\t\t\t<\/div>\n\t\t<\/div>\n\t\t\t\t\t<\/div>\n\t\t<\/section>\n\t\t\t\t<section class=\"elementor-section elementor-top-section elementor-element elementor-element-7318e73 elementor-section-boxed elementor-section-height-default elementor-section-height-default mkdf-parallax-row-no mkdf-content-aligment-left mkdf-elementor-row-grid-no mkdf-disabled-bg-image-bellow-no mkdf-row-btt-light\" data-id=\"7318e73\" data-element_type=\"section\" data-e-type=\"section\">\n\t\t\t\t\t\t<div class=\"elementor-container elementor-column-gap-default\">\n\t\t\t\t\t<div class=\"elementor-column elementor-col-100 elementor-top-column elementor-element elementor-element-c3921df\" data-id=\"c3921df\" data-element_type=\"column\" data-e-type=\"column\">\n\t\t\t<div class=\"elementor-widget-wrap\">\n\t\t\t\t\t\t\t<\/div>\n\t\t<\/div>\n\t\t\t\t\t<\/div>\n\t\t<\/section>\n\t\t\t\t<\/div>\n\t\t","protected":false},"excerpt":{"rendered":"<p>Soliariumas Pas mus rasite vien\u0105 galingiausi\u0173 ir erdviausi\u0173 soliarium\u0173 \u2013 Luxura v5 42 XL Intensive Power. \u012esigyti naryst\u0119 Nauda Reik\u0117t\u0173 nepamir\u0161ti, jog vitaminas D \u2013 hormonin\u0117s sistemos pagrindas. Lankymasis soliariume skatina mums taip gyvybi\u0161kai b\u016btino vitamino, kurio tr\u016bksta daugiau nei [&hellip;]<\/p>\n","protected":false},"author":2,"featured_media":0,"parent":0,"menu_order":0,"comment_status":"closed","ping_status":"closed","template":"full-width.php","meta":{"footnotes":""},"class_list":["post-4033","page","type-page","status-publish","hentry"],"aioseo_notices":[],"jetpack_sharing_enabled":true,"_links":{"self":[{"href":"https:\/\/fizifit.lt\/lentvaris\/wp-json\/wp\/v2\/pages\/4033","targetHints":{"allow":["GET"]}}],"collection":[{"href":"https:\/\/fizifit.lt\/lentvaris\/wp-json\/wp\/v2\/pages"}],"about":[{"href":"https:\/\/fizifit.lt\/lentvaris\/wp-json\/wp\/v2\/types\/page"}],"author":[{"embeddable":true,"href":"https:\/\/fizifit.lt\/lentvaris\/wp-json\/wp\/v2\/users\/2"}],"replies":[{"embeddable":true,"href":"https:\/\/fizifit.lt\/lentvaris\/wp-json\/wp\/v2\/comments?post=4033"}],"version-history":[{"count":4,"href":"https:\/\/fizifit.lt\/lentvaris\/wp-json\/wp\/v2\/pages\/4033\/revisions"}],"predecessor-version":[{"id":15540,"href":"https:\/\/fizifit.lt\/lentvaris\/wp-json\/wp\/v2\/pages\/4033\/revisions\/15540"}],"wp:attachment":[{"href":"https:\/\/fizifit.lt\/lentvaris\/wp-json\/wp\/v2\/media?parent=4033"}],"curies":[{"name":"wp","href":"https:\/\/api.w.org\/{rel}","templated":true}]}}