{"id":4778,"date":"2020-10-27T15:38:36","date_gmt":"2020-10-27T15:38:36","guid":{"rendered":"https:\/\/fizifit.lt\/lentvaris\/?page_id=4778"},"modified":"2023-08-29T14:08:16","modified_gmt":"2023-08-29T11:08:16","slug":"rinktis-naryste","status":"publish","type":"page","link":"https:\/\/fizifit.lt\/lentvaris\/rinktis-naryste\/","title":{"rendered":"Rinktis naryst\u0119"},"content":{"rendered":"\t\t<div data-elementor-type=\"wp-page\" data-elementor-id=\"4778\" class=\"elementor elementor-4778\" data-elementor-post-type=\"page\">\n\t\t\t\t\t\t<section class=\"elementor-section elementor-top-section elementor-element elementor-element-483cb90 elementor-section-boxed elementor-section-height-default elementor-section-height-default mkdf-parallax-row-no mkdf-content-aligment-left mkdf-elementor-row-grid-no mkdf-disabled-bg-image-bellow-no mkdf-row-btt-light\" data-id=\"483cb90\" data-element_type=\"section\" data-e-type=\"section\" data-settings=\"{&quot;background_background&quot;:&quot;classic&quot;}\">\n\t\t\t\t\t\t<div class=\"elementor-container elementor-column-gap-default\">\n\t\t\t\t\t<div class=\"elementor-column elementor-col-100 elementor-top-column elementor-element elementor-element-ae581ff\" data-id=\"ae581ff\" data-element_type=\"column\" data-e-type=\"column\" data-settings=\"{&quot;background_background&quot;:&quot;classic&quot;}\">\n\t\t\t<div class=\"elementor-widget-wrap elementor-element-populated\">\n\t\t\t\t\t\t<div class=\"elementor-element elementor-element-aeda79f elementor-widget elementor-widget-mkdf_section_title\" data-id=\"aeda79f\" data-element_type=\"widget\" data-e-type=\"widget\" data-widget_type=\"mkdf_section_title.default\">\n\t\t\t\t<div class=\"elementor-widget-container\">\n\t\t\t\t\t\n<div class=\"mkdf-section-title-holder  \" style=\"padding: 0 19%;text-align: center\">\n\t<div class=\"mkdf-st-inner\">\n\t\t\t\t\t<h1 class=\"mkdf-st-title\" style=\"color: #FFFFFF\">\n\t\t\t\t\t\t\t\tPasirinkite jums tinkan\u010di\u0105 naryst\u0119\t\t\t<\/h1>\n\t\t\t\t\t\t\t<p class=\"mkdf-st-text\" style=\"font-size: 18px;line-height: 27px;margin-top: 15px\">\n\t\t\t\tGalite rinktis i\u0161 trij\u0173 skirting\u0173 naryst\u0117s tip\u0173:\t\t\t<\/p>\n\t\t\t\t\t<\/div>\n<\/div>\t\t\t\t<\/div>\n\t\t\t\t<\/div>\n\t\t\t\t<div class=\"elementor-element elementor-element-332fc1d elementor-widget elementor-widget-spacer\" data-id=\"332fc1d\" data-element_type=\"widget\" data-e-type=\"widget\" data-widget_type=\"spacer.default\">\n\t\t\t\t<div class=\"elementor-widget-container\">\n\t\t\t\t\t\t\t<div class=\"elementor-spacer\">\n\t\t\t<div class=\"elementor-spacer-inner\"><\/div>\n\t\t<\/div>\n\t\t\t\t\t\t<\/div>\n\t\t\t\t<\/div>\n\t\t\t\t\t<\/div>\n\t\t<\/div>\n\t\t\t\t\t<\/div>\n\t\t<\/section>\n\t\t\t\t<section class=\"elementor-section elementor-top-section elementor-element elementor-element-ad87375 mkdf-elementor-row-grid-section elementor-section-full_width elementor-section-height-default elementor-section-height-default mkdf-parallax-row-no mkdf-content-aligment-left mkdf-disabled-bg-image-bellow-no mkdf-row-btt-light\" data-id=\"ad87375\" data-element_type=\"section\" data-e-type=\"section\" data-settings=\"{&quot;background_background&quot;:&quot;classic&quot;}\">\n\t\t\t\t\t\t<div class=\"elementor-container elementor-column-gap-default\">\n\t\t\t\t\t<div class=\"elementor-column elementor-col-33 elementor-top-column elementor-element elementor-element-aa7b4e1\" data-id=\"aa7b4e1\" data-element_type=\"column\" data-e-type=\"column\">\n\t\t\t<div class=\"elementor-widget-wrap elementor-element-populated\">\n\t\t\t\t\t\t<div class=\"elementor-element elementor-element-41ce428 elementor-widget elementor-widget-mkdf_pricing_table\" data-id=\"41ce428\" data-element_type=\"widget\" data-e-type=\"widget\" data-widget_type=\"mkdf_pricing_table.default\">\n\t\t\t\t<div class=\"elementor-widget-container\">\n\t\t\t\t\t        <div class=\"mkdf-pricing-tables mkdf-grid-list mkdf-disable-bottom-space clearfix  mkdf-one-columns mkdf-no-space\">\n            <div class=\"mkdf-pt-wrapper mkdf-outer-space\">\n                <div class=\"mkdf-price-table mkdf-item-space  \">\n\t<div class=\"mkdf-pt-inner\" >\n        <img decoding=\"async\" class=\"mkdf-pt-image\" src=\"https:\/\/fizifit.lt\/lentvaris\/wp-content\/uploads\/2020\/10\/white.png\" alt=\"Easy\" \/>\n\t\t<ul>\n\t\t\t<li class=\"mkdf-pt-title-holder\">\n                <h6 class=\"mkdf-pt-mark\" >Vienkartinis mok\u0117jimas<\/h6>\n\t\t\t\t<h3 class=\"mkdf-pt-title\" style=\"color: #000000\">Easy<\/h3>\n\t\t\t<\/li>\n\t\t\t<li class=\"mkdf-pt-prices\">\n\t\t\t\t<sup class=\"mkdf-pt-value\" >nuo<\/sup>\n\t\t\t\t<span class=\"mkdf-pt-price\" style=\"color: #000000\">23.99\u20ac<\/span>\n\t\t\t<\/li>\n\t\t\t<li class=\"mkdf-pt-content\">\n\t\t\t\t<ul><li>Kaina priklauso nuo naryst\u0117s trukm\u0117s<\/li><li>Neriboti apsilankymai\u00a0<\/li><li>Naryst\u0117s perra\u0161ymo galimyb\u0117<\/li><li>Naryst\u0117s stabdymas<\/li><li><span style=\"text-decoration: underline;\"><strong>Joki\u0173 sutar\u010di\u0173<\/strong><\/span><\/li><\/ul>\t\t\t<\/li>\n\t\t\t\t\t\t\t<li class=\"mkdf-pt-button\">\n                    \t\t\t\t\t<div class=\"mkdf-btn-outer-holder mkdf-btn-outer-solid mkdf-btn-outer-large\" >    <a itemprop=\"url\" href=\"index.php\/product\/nauja-naryste-vienkartinis-mokejimas\/?add-to-cart=4872\" target=\"_self\"  class=\"mkdf-btn mkdf-btn-large mkdf-btn-solid mkdf-btn-custom-hover-bg mkdf-btn-custom-hover-color mkdf-btn-right-arrow-transparent\" data-hover-color=\"#000\" data-hover-bg-color=\"rgba(0, 0, 0, 0)\" >        <span class=\"mkdf-btn-text\">\u012esigyti<\/span>            <\/a>    <div class=\"mkdf-btn-top-line\" ><\/div>    <div class=\"mkdf-btn-right-line\" ><\/div>    <div class=\"mkdf-btn-bottom-line\" ><\/div>    <div class=\"mkdf-btn-left-line\" ><\/div><\/div>\t\t\t\t<\/li>\t\t\t\t\n\t\t\t\t\t<\/ul>\n\t<\/div>\n<\/div>            <\/div>\n        <\/div>\n\n        \t\t\t\t<\/div>\n\t\t\t\t<\/div>\n\t\t\t\t\t<\/div>\n\t\t<\/div>\n\t\t\t\t<div class=\"elementor-column elementor-col-33 elementor-top-column elementor-element elementor-element-27a4607\" data-id=\"27a4607\" data-element_type=\"column\" data-e-type=\"column\">\n\t\t\t<div class=\"elementor-widget-wrap elementor-element-populated\">\n\t\t\t\t\t\t<div class=\"elementor-element elementor-element-4be22fd elementor-widget elementor-widget-mkdf_pricing_table\" data-id=\"4be22fd\" data-element_type=\"widget\" data-e-type=\"widget\" data-widget_type=\"mkdf_pricing_table.default\">\n\t\t\t\t<div class=\"elementor-widget-container\">\n\t\t\t\t\t        <div class=\"mkdf-pricing-tables mkdf-grid-list mkdf-disable-bottom-space clearfix  mkdf-one-columns mkdf-no-space\">\n            <div class=\"mkdf-pt-wrapper mkdf-outer-space\">\n                <div class=\"mkdf-price-table mkdf-item-space  \">\n\t<div class=\"mkdf-pt-inner\" >\n        <img decoding=\"async\" class=\"mkdf-pt-image\" src=\"https:\/\/fizifit.lt\/lentvaris\/wp-content\/uploads\/2020\/10\/white.png\" alt=\"Standard\" \/>\n\t\t<ul>\n\t\t\t<li class=\"mkdf-pt-title-holder\">\n                <h6 class=\"mkdf-pt-mark\" >Mokama kas m\u0117nes\u012f<\/h6>\n\t\t\t\t<h3 class=\"mkdf-pt-title\" style=\"color: #000000\">Standard<\/h3>\n\t\t\t<\/li>\n\t\t\t<li class=\"mkdf-pt-prices\">\n\t\t\t\t<sup class=\"mkdf-pt-value\" ><\/sup>\n\t\t\t\t<span class=\"mkdf-pt-price\" style=\"color: #000000\">24.99\u20ac<\/span>\n\t\t\t<\/li>\n\t\t\t<li class=\"mkdf-pt-content\">\n\t\t\t\t<ul><li>M\u0117nesinis mok\u0117jimas<\/li><li>Neriboti apsilankymai<\/li><li>Naryst\u0117s perra\u0161ymo galimyb\u0117<\/li><li>Naryst\u0117s stabdymas<\/li><li><span style=\"text-decoration: underline;\"><strong>Sutart\u012f galima nutraukti po 12 m\u0117n ir prane\u0161us prie\u0161 30 d.<\/strong><\/span><\/li><\/ul>\t\t\t<\/li>\n\t\t\t\t\t\t\t<li class=\"mkdf-pt-button\">\n                    \t\t\t\t\t<div class=\"mkdf-btn-outer-holder mkdf-btn-outer-solid mkdf-btn-outer-large\" >    <a itemprop=\"url\" href=\"index.php\/product\/nauja-naryste-vienkartinis-mokejimas\/?add-to-cart=4869\" target=\"_self\"  class=\"mkdf-btn mkdf-btn-large mkdf-btn-solid mkdf-btn-custom-hover-bg mkdf-btn-custom-hover-color mkdf-btn-right-arrow-transparent\" data-hover-color=\"#000\" data-hover-bg-color=\"rgba(0, 0, 0, 0)\" >        <span class=\"mkdf-btn-text\">\u012esigyti<\/span>            <\/a>    <div class=\"mkdf-btn-top-line\" ><\/div>    <div class=\"mkdf-btn-right-line\" ><\/div>    <div class=\"mkdf-btn-bottom-line\" ><\/div>    <div class=\"mkdf-btn-left-line\" ><\/div><\/div>\t\t\t\t<\/li>\t\t\t\t\n\t\t\t\t\t<\/ul>\n\t<\/div>\n<\/div>            <\/div>\n        <\/div>\n\n        \t\t\t\t<\/div>\n\t\t\t\t<\/div>\n\t\t\t\t\t<\/div>\n\t\t<\/div>\n\t\t\t\t<div class=\"elementor-column elementor-col-33 elementor-top-column elementor-element elementor-element-f197c9c\" data-id=\"f197c9c\" data-element_type=\"column\" data-e-type=\"column\">\n\t\t\t<div class=\"elementor-widget-wrap elementor-element-populated\">\n\t\t\t\t\t\t<div class=\"elementor-element elementor-element-faedb2c elementor-widget elementor-widget-mkdf_pricing_table\" data-id=\"faedb2c\" data-element_type=\"widget\" data-e-type=\"widget\" data-widget_type=\"mkdf_pricing_table.default\">\n\t\t\t\t<div class=\"elementor-widget-container\">\n\t\t\t\t\t        <div class=\"mkdf-pricing-tables mkdf-grid-list mkdf-disable-bottom-space clearfix  mkdf-one-columns mkdf-no-space\">\n            <div class=\"mkdf-pt-wrapper mkdf-outer-space\">\n                <div class=\"mkdf-price-table mkdf-item-space  \">\n\t<div class=\"mkdf-pt-inner\" >\n        <img decoding=\"async\" class=\"mkdf-pt-image\" src=\"https:\/\/fizifit.lt\/lentvaris\/wp-content\/uploads\/2020\/10\/white.png\" alt=\"Flexi\" \/>\n\t\t<ul>\n\t\t\t<li class=\"mkdf-pt-title-holder\">\n                <h6 class=\"mkdf-pt-mark\" >Mokama kas m\u0117nes\u012f<\/h6>\n\t\t\t\t<h3 class=\"mkdf-pt-title\" style=\"color: #000000\">Flexi<\/h3>\n\t\t\t<\/li>\n\t\t\t<li class=\"mkdf-pt-prices\">\n\t\t\t\t<sup class=\"mkdf-pt-value\" ><\/sup>\n\t\t\t\t<span class=\"mkdf-pt-price\" style=\"color: #000000\">28.99\u20ac<\/span>\n\t\t\t<\/li>\n\t\t\t<li class=\"mkdf-pt-content\">\n\t\t\t\t<ul><li>M\u0117nesinis mok\u0117jimas<\/li><li>Joki\u0173 ilgalaiki\u0173 sutar\u010di\u0173<\/li><li>Neriboti apsilankymai<\/li><li><span style=\"text-decoration: underline;\"><strong>Sutart\u012f galima nutraukti prane\u0161us prie\u0161 30 d.<\/strong><\/span><\/li><\/ul>\t\t\t<\/li>\n\t\t\t\t\t\t\t<li class=\"mkdf-pt-button\">\n                    \t\t\t\t\t<div class=\"mkdf-btn-outer-holder mkdf-btn-outer-solid mkdf-btn-outer-large\" >    <a itemprop=\"url\" href=\"index.php\/product\/nauja-naryste-vienkartinis-mokejimas\/?add-to-cart=4874\" target=\"_self\"  class=\"mkdf-btn mkdf-btn-large mkdf-btn-solid mkdf-btn-custom-hover-bg mkdf-btn-custom-hover-color mkdf-btn-right-arrow-transparent\" data-hover-color=\"#000\" data-hover-bg-color=\"rgba(0, 0, 0, 0)\" >        <span class=\"mkdf-btn-text\">\u012esigyti<\/span>            <\/a>    <div class=\"mkdf-btn-top-line\" ><\/div>    <div class=\"mkdf-btn-right-line\" ><\/div>    <div class=\"mkdf-btn-bottom-line\" ><\/div>    <div class=\"mkdf-btn-left-line\" ><\/div><\/div>\t\t\t\t<\/li>\t\t\t\t\n\t\t\t\t\t<\/ul>\n\t<\/div>\n<\/div>            <\/div>\n        <\/div>\n\n        \t\t\t\t<\/div>\n\t\t\t\t<\/div>\n\t\t\t\t\t<\/div>\n\t\t<\/div>\n\t\t\t\t\t<\/div>\n\t\t<\/section>\n\t\t\t\t<section class=\"elementor-section elementor-top-section elementor-element elementor-element-c3649a0 elementor-section-full_width elementor-section-stretched elementor-section-height-default elementor-section-height-default mkdf-parallax-row-no mkdf-content-aligment-left mkdf-elementor-row-grid-no mkdf-disabled-bg-image-bellow-no mkdf-row-btt-light\" data-id=\"c3649a0\" data-element_type=\"section\" data-e-type=\"section\" data-settings=\"{&quot;stretch_section&quot;:&quot;section-stretched&quot;,&quot;background_background&quot;:&quot;classic&quot;}\">\n\t\t\t\t\t\t<div class=\"elementor-container elementor-column-gap-default\">\n\t\t\t\t\t<div class=\"elementor-column elementor-col-100 elementor-top-column elementor-element elementor-element-8a2aa3a\" data-id=\"8a2aa3a\" data-element_type=\"column\" data-e-type=\"column\" data-settings=\"{&quot;background_background&quot;:&quot;classic&quot;}\">\n\t\t\t<div class=\"elementor-widget-wrap elementor-element-populated\">\n\t\t\t\t\t\t<div class=\"elementor-element elementor-element-74b050c elementor-widget elementor-widget-spacer\" data-id=\"74b050c\" data-element_type=\"widget\" data-e-type=\"widget\" data-widget_type=\"spacer.default\">\n\t\t\t\t<div class=\"elementor-widget-container\">\n\t\t\t\t\t\t\t<div class=\"elementor-spacer\">\n\t\t\t<div class=\"elementor-spacer-inner\"><\/div>\n\t\t<\/div>\n\t\t\t\t\t\t<\/div>\n\t\t\t\t<\/div>\n\t\t\t\t\t<\/div>\n\t\t<\/div>\n\t\t\t\t\t<\/div>\n\t\t<\/section>\n\t\t\t\t<\/div>\n\t\t","protected":false},"excerpt":{"rendered":"<p>Pasirinkite jums tinkan\u010di\u0105 naryst\u0119 Galite rinktis i\u0161 trij\u0173 skirting\u0173 naryst\u0117s tip\u0173: Vienkartinis mok\u0117jimas Easy nuo 23.99\u20ac Kaina priklauso nuo naryst\u0117s trukm\u0117s Neriboti apsilankymai\u00a0 Naryst\u0117s perra\u0161ymo galimyb\u0117 Naryst\u0117s stabdymas Joki\u0173 sutar\u010di\u0173 \u012esigyti Mokama kas m\u0117nes\u012f Standard 24.99\u20ac M\u0117nesinis mok\u0117jimas Neriboti apsilankymai [&hellip;]<\/p>\n","protected":false},"author":2,"featured_media":0,"parent":0,"menu_order":0,"comment_status":"closed","ping_status":"closed","template":"full-width.php","meta":{"footnotes":""},"class_list":["post-4778","page","type-page","status-publish","hentry"],"aioseo_notices":[],"jetpack_sharing_enabled":true,"_links":{"self":[{"href":"https:\/\/fizifit.lt\/lentvaris\/wp-json\/wp\/v2\/pages\/4778","targetHints":{"allow":["GET"]}}],"collection":[{"href":"https:\/\/fizifit.lt\/lentvaris\/wp-json\/wp\/v2\/pages"}],"about":[{"href":"https:\/\/fizifit.lt\/lentvaris\/wp-json\/wp\/v2\/types\/page"}],"author":[{"embeddable":true,"href":"https:\/\/fizifit.lt\/lentvaris\/wp-json\/wp\/v2\/users\/2"}],"replies":[{"embeddable":true,"href":"https:\/\/fizifit.lt\/lentvaris\/wp-json\/wp\/v2\/comments?post=4778"}],"version-history":[{"count":22,"href":"https:\/\/fizifit.lt\/lentvaris\/wp-json\/wp\/v2\/pages\/4778\/revisions"}],"predecessor-version":[{"id":15620,"href":"https:\/\/fizifit.lt\/lentvaris\/wp-json\/wp\/v2\/pages\/4778\/revisions\/15620"}],"wp:attachment":[{"href":"https:\/\/fizifit.lt\/lentvaris\/wp-json\/wp\/v2\/media?parent=4778"}],"curies":[{"name":"wp","href":"https:\/\/api.w.org\/{rel}","templated":true}]}}